{"id":751,"date":"2018-04-12T09:18:23","date_gmt":"2018-04-12T07:18:23","guid":{"rendered":"http:\/\/www.xreel.at\/?page_id=751"},"modified":"2018-04-19T11:55:31","modified_gmt":"2018-04-19T09:55:31","slug":"impressum","status":"publish","type":"page","link":"https:\/\/www.xreel.at\/?page_id=751&lang=de","title":{"rendered":"Impressum"},"content":{"rendered":"<div class=\"lauftext\">\n<p><strong>F\u00fcr den Inhalt verantwortlich:<\/strong><\/p>\n<p>PC Electric Gesellschaft.m.b.H.<br \/>\nDiesseits 145<br \/>\nA-4973 St. Martin im Innkreis<br \/>\nTel: +43 (0) 7751 6122-0<br \/>\nFax: +43 (0) 7751 6969<br \/>\nE-Mail: <a>office@pcelectric.at<\/a><br \/>\nUID-Nummer: ATU 23737204<br \/>\nFirmenbuchnummer: FN 111749m HG Ried i.I.<\/p>\n<p>Gesch\u00e4ftsf\u00fchrer: Dr. Alberto Maffucci<\/p>\n<p>&nbsp;<\/p>\n<p><strong>Urheberrecht und andere Schutzrechte:<\/strong><\/p>\n<p>Copyright\u00a0<strong>PC Electric Gesellschaft.m.b.H.<\/strong> alle Rechte vorbehalten. S\u00e4mtliche Inhalte der Website einschlie\u00dflich der Markenzeichen, Logos und Bilder unterliegen dem Schutz des Urheberrechtsgesetzes bzw. anderer Schutzgesetze. Die Informationen sind nur f\u00fcr die pers\u00f6nliche Verwendung bestimmt. Jede weitergehende Nutzung, insbesondere die Speicherung in Datenbanken, Vervielf\u00e4ltigung und jede Form von gewerblicher Nutzung sowie die Weitergabe an Dritte \u2013 auch in Teilen oder in \u00fcberarbeiteter Form \u2013 ist ohne ausdr\u00fcckliche und schriftliche Zustimmung der PC Electric Gesellschaft.m.b.H. untersagt.<\/p>\n<p><strong>Gew\u00e4hrleistung und Haftung:<\/strong><\/p>\n<p>Die PC Electric Gesellschaft.m.b.H. bem\u00fcht sich im Rahmen des Zumutbaren, auf dieser Website richtige und vollst\u00e4ndige Informationen zur Verf\u00fcgung zu stellen. Eine Gew\u00e4hrleistung oder Haftung f\u00fcr die Informationen, insbesondere f\u00fcr deren Vollst\u00e4ndigkeit, Richtigkeit und Aktualit\u00e4t, kann jedoch nicht \u00fcbernommen werden. Jegliche Haftung f\u00fcr unmittelbare, mittelbare oder sonstige Sch\u00e4den, die unabh\u00e4ngig von deren Ursache, die direkt oder indirekt aus der Benutzung oder Nichtverf\u00fcgbarkeit der Daten und Informationen dieser Website entstehen, wird, soweit rechtlich zul\u00e4ssig, ausgeschlossen.<br \/>\nDie PC Electric Gesellschaft.m.b.H. \u00fcbernimmt keine Haftung f\u00fcr die Inhalte externer Links. F\u00fcr den Inhalt der verlinkten Seiten ist ausschlie\u00dflich der jeweilige Anbieter verantwortlich.<br \/>\nDie PC Electric Gesellschaft.m.b.H. beh\u00e4lt sich das Recht vor, ohne vorherige Ank\u00fcndigung \u00c4nderungen oder Erg\u00e4nzungen der bereitgestellten Informationen vorzunehmen.<\/p>\n<p>&nbsp;<\/p>\n<p><strong>Datenschutzerkl\u00e4rung:<\/strong><\/p>\n<p>Der Schutz Ihrer pers\u00f6nlichen Daten ist uns ein besonderes Anliegen. Wir verarbeiten Ihre Daten daher ausschlie\u00dflich auf Grundlage der gesetzlichen Bestimmungen (DSGVO, TKG 2003). In diesen Datenschutzinformationen informieren wir Sie \u00fcber die wichtigsten Aspekte der Datenverarbeitung im Rahmen unserer Website.<\/p>\n<p>&nbsp;<\/p>\n<p><strong>Kontakt mit uns:<\/strong><br \/>\nWenn Sie per Formular auf der Website oder per E-Mail Kontakt mit uns aufnehmen, werden Ihre angegebenen Daten zwecks Bearbeitung der Anfrage und f\u00fcr den Fall von Anschlussfragen bei uns gespeichert. Diese Daten geben wir nicht ohne Ihre Einwilligung weiter, ausgenommen wir sind zur Weitergabe der Daten aufgrund zwingender Rechtsvorschriften an Beh\u00f6rden und staatlichen Institutionen verpflichtet.<\/p>\n<p>&nbsp;<\/p>\n<p><strong>Ihre Rechte:<\/strong><br \/>\nIhnen stehen grunds\u00e4tzlich die Rechte auf Auskunft, Berichtigung, L\u00f6schung, Einschr\u00e4nkung, Daten\u00fcbertragbarkeit, Widerruf und Widerspruch zu. Wenn Sie glauben, dass die Verarbeitung Ihrer Daten gegen das Datenschutzrecht verst\u00f6\u00dft oder Ihre datenschutzrechtlichen Anspr\u00fcche sonst in einer Weise verletzt worden sind, k\u00f6nnen Sie sich bei der Aufsichtsbeh\u00f6rde beschweren. In \u00d6sterreich ist dies die Datenschutzbeh\u00f6rde.<\/p>\n<p>&nbsp;<\/p>\n<p>Sie erreichen uns unter folgenden Kontaktdaten:<br \/>\nPC Electric Gesellschaft.m.b.H.<br \/>\nDiesseits 145<br \/>\nA-4973 St. Martin im Innkreis<br \/>\nTel: +43 (0) 7751 6122-0<br \/>\nFax: +43 (0) 7751 6969<br \/>\nE-Mail: <a>office@pcelectric.at<\/a><\/p>\n<\/div>\n","protected":false},"excerpt":{"rendered":"<p>F\u00fcr den Inhalt verantwortlich: PC Electric Gesellschaft.m.b.H. Diesseits 145 A-4973 St. Martin im Innkreis Tel: +43 (0) 7751 6122-0 Fax: +43 (0) [&hellip;]<\/p>\n","protected":false},"author":3,"featured_media":0,"parent":0,"menu_order":0,"comment_status":"closed","ping_status":"closed","template":"","meta":{"_acf_changed":false,"jetpack_post_was_ever_published":false,"footnotes":""},"class_list":["post-751","page","type-page","status-publish","hentry"],"acf":[],"jetpack_sharing_enabled":true,"jetpack_shortlink":"https:\/\/wp.me\/P7BrGO-c7","jetpack-related-posts":[],"_links":{"self":[{"href":"https:\/\/www.xreel.at\/index.php?rest_route=\/wp\/v2\/pages\/751","targetHints":{"allow":["GET"]}}],"collection":[{"href":"https:\/\/www.xreel.at\/index.php?rest_route=\/wp\/v2\/pages"}],"about":[{"href":"https:\/\/www.xreel.at\/index.php?rest_route=\/wp\/v2\/types\/page"}],"author":[{"embeddable":true,"href":"https:\/\/www.xreel.at\/index.php?rest_route=\/wp\/v2\/users\/3"}],"replies":[{"embeddable":true,"href":"https:\/\/www.xreel.at\/index.php?rest_route=%2Fwp%2Fv2%2Fcomments&post=751"}],"version-history":[{"count":3,"href":"https:\/\/www.xreel.at\/index.php?rest_route=\/wp\/v2\/pages\/751\/revisions"}],"predecessor-version":[{"id":782,"href":"https:\/\/www.xreel.at\/index.php?rest_route=\/wp\/v2\/pages\/751\/revisions\/782"}],"wp:attachment":[{"href":"https:\/\/www.xreel.at\/index.php?rest_route=%2Fwp%2Fv2%2Fmedia&parent=751"}],"curies":[{"name":"wp","href":"https:\/\/api.w.org\/{rel}","templated":true}]}}